{"id":17,"date":"2023-01-03T08:22:38","date_gmt":"2023-01-03T08:22:38","guid":{"rendered":"https:\/\/hospitalwayfinder.com\/no\/?page_id=17"},"modified":"2024-01-05T08:51:51","modified_gmt":"2024-01-05T08:51:51","slug":"om-oss","status":"publish","type":"page","link":"https:\/\/hospitalwayfinder.com\/no\/om-oss\/","title":{"rendered":"om oss"},"content":{"rendered":"<div data-colibri-id=\"17-c1\" class=\"style-460 style-local-17-c1 position-relative\">\n  <!---->\n  <div data-colibri-component=\"section\" data-colibri-id=\"17-c2\" id=\"team\" class=\"h-section h-section-global-spacing d-flex align-items-lg-center align-items-md-center align-items-center style-461 style-local-17-c2 position-relative\">\n    <!---->\n    <!---->\n    <div class=\"h-section-grid-container h-section-boxed-container\">\n      <div data-colibri-id=\"17-c18\" class=\"h-row-container gutters-row-lg-2 gutters-row-md-2 gutters-row-0 gutters-row-v-lg-2 gutters-row-v-md-2 gutters-row-v-2 style-475 style-local-17-c18 position-relative\">\n        <!---->\n        <div class=\"h-row justify-content-lg-center justify-content-md-center justify-content-center align-items-lg-stretch align-items-md-stretch align-items-stretch gutters-col-lg-2 gutters-col-md-2 gutters-col-0 gutters-col-v-lg-2 gutters-col-v-md-2 gutters-col-v-2\">\n          <!---->\n          <div class=\"h-column h-column-container d-flex h-col-lg-auto h-col-md-auto h-col-auto style-476-outer style-local-17-c19-outer\">\n            <div data-colibri-id=\"17-c19\" class=\"d-flex h-flex-basis h-column__inner h-px-lg-2 h-px-md-2 h-px-2 v-inner-lg-2 v-inner-md-2 v-inner-2 style-476 style-local-17-c19 position-relative\">\n              <!---->\n              <!---->\n              <div class=\"w-100 h-y-container h-column__content h-column__v-align flex-basis-100 align-self-lg-start align-self-md-start align-self-start\">\n                <!---->\n                <div data-colibri-id=\"17-c20\" class=\"h-global-transition-all h-heading style-477 style-local-17-c20 position-relative h-element\">\n                  <!---->\n                  <div class=\"h-heading__outer style-477 style-local-17-c20\">\n                    <!---->\n                    <!---->\n                    <h2 class=\"\">3D Hospital Wayfinder and Management System<\/h2>\n                  <\/div>\n                <\/div>\n                <div data-colibri-id=\"17-c21\" class=\"h-lead h-text h-text-component style-478 style-local-17-c21 position-relative h-element\">\n                  <!---->\n                  <!---->\n                  <div class=\"\">\n                    <p>Prosjektet \u201c3D Hospital Wayfinder and Management System\u201d har blitt st\u00f8ttet av Estland-Norge fellesprogram Norway Grants \u201cGreen ICT program\u201d.<\/p>\n                    <p>\n                      <br>\n                    <\/p>\n                    <p>Prosjektets tidslinje er august 2020 til juli 2023.<\/p>\n                    <p>\n                      <br>\n                    <\/p>\n                    <p>Prosjektets fokus er \u00e5 utvikle nettbasert programvaretjeneste for helsetjenester (f.eks. sykehus) anleggets plantegningsvisualisering i 3D med universell API for \u00e5 samle inn forskjellige sanntidsdata og vise dem i 3D-planl\u00f8sninger,\n                      for \u00e5:<\/p>\n                    <p>1) Samle inn sanntidsdata og vis dem i 3D-planl\u00f8sninger. Dataene som samles inn inkluderer: pasientstatus, gj\u00f8rem\u00e5lslister med forh\u00e5ndsdefinerte tidsprognoser, input fra ulike sensorer fra enheter og sykepleiere for \u00e5 bestemme arbeidstid\n                      og tilstand, posisjonering av bevegelige objekter, etc.<\/p>\n                    <p>2) S\u00f8rg for innend\u00f8rs posisjonering for sykehus for mobile enheter. Posisjonering kan brukes av b\u00e5de bes\u00f8kende, pasienter og ansatte.<\/p>\n                    <p>Sammen med posisjonering lar programvaren deg finne den optimale veien til destinasjonen du leter etter (som et radiologikontor eller en spesifikk avdeling).<\/p>\n                    <p>3) Gj\u00f8re det mulig for pasienter og bes\u00f8kende \u00e5 kommunisere raskere og mer praktisk med helseorganisasjonen (spesielt sykehus). Inkludert mulighet for selvinnsjekking, f\u00e5 operativ informasjon basert p\u00e5 plassering (f.eks. m\u00e5ltidstider\n                      osv.).<\/p>\n                    <p>Utviklet programvare vil bli brukt til \u00e5 bedre overv\u00e5ke og forbedre effektiviteten til helsetjenester \u2013 gi sanntidsoversikt over viktige integrerte data og visualisering av tidligere data. Programvaren muliggj\u00f8r stedsbasert informasjon,\n                      inkludert posisjonering, rutefinning i bygninger, etc.<\/p>\n                    <p>Programvaren kan ogs\u00e5 brukes til fordel for pasienter og bes\u00f8kende, og gir brukerne praktisk ruteveiledning basert p\u00e5 3D-kart med selvinnsjekking.<\/p>\n                    <p>\n                      <br>\n                    <\/p>\n                    <p>Prosjektet er st\u00f8ttet av det estisk-norske fellesprogrammet &laquo;Gr\u00f8nn IKT&raquo;. St\u00f8ttebel\u00f8pet er 393 000,00 euro.<\/p>\n                    <p>\n                      <br>\n                    <\/p>\n                    <p>Prosjektpartnere er:<\/p>\n                    <p>\n                      <br>\n                    <\/p>\n                    <p>3D Technologies R&amp;D AS<\/p>\n                    <p>Easy Touch &amp; LED AS<\/p>\n                    <p>\n                      <br>\n                    <\/p>\n                    <p>Kontaktpersoner:<\/p>\n                    <p>\n                      <br>\n                    <\/p>\n                    <p>Kaspar Koov (e-post: kaspar.koov@3dwayfinder.com)<\/p>\n                    <p>Stian S\u00e6ther-Larsen (epost: stian@easy-touch.no)<\/p>\n                  <\/div>\n                <\/div>\n              <\/div>\n            <\/div>\n          <\/div>\n        <\/div>\n      <\/div>\n      <div data-colibri-id=\"17-c3\" class=\"h-row-container gutters-row-lg-2 gutters-row-md-2 gutters-row-0 gutters-row-v-lg-2 gutters-row-v-md-2 gutters-row-v-2 style-462 style-local-17-c3 position-relative\">\n        <!---->\n        <div class=\"h-row justify-content-lg-center justify-content-md-center justify-content-center align-items-lg-stretch align-items-md-stretch align-items-stretch gutters-col-lg-2 gutters-col-md-2 gutters-col-0 gutters-col-v-lg-2 gutters-col-v-md-2 gutters-col-v-2\">\n          <!---->\n          <div class=\"h-column h-column-container d-flex h-col-lg-3 h-col-md-6 h-col-12 style-463-outer style-local-17-c4-outer\">\n            <div data-colibri-id=\"17-c4\" class=\"d-flex h-flex-basis h-column__inner h-px-lg-0 h-px-md-0 h-px-0 v-inner-lg-0 v-inner-md-0 v-inner-0 style-463 style-local-17-c4 position-relative\">\n              <!---->\n              <!---->\n              <div class=\"w-100 h-y-container h-column__content h-column__v-align flex-basis-100 align-self-lg-start align-self-md-start align-self-start\">\n                <!---->\n                <div data-colibri-id=\"17-c6\" class=\"h-global-transition-all h-heading style-465 style-local-17-c6 position-relative h-element\">\n                  <!---->\n                  <div class=\"h-heading__outer style-465 style-local-17-c6\">\n                    <!---->\n                    <!---->\n                    <h4 class=\"\">Kaspar Koov<\/h4>\n                  <\/div>\n                <\/div>\n                <div data-colibri-id=\"17-c7\" class=\"h-text h-text-component style-466 style-local-17-c7 position-relative h-element\">\n                  <!---->\n                  <!---->\n                  <div class=\"\">\n                    <p>CEO<\/p>\n                  <\/div>\n                <\/div>\n              <\/div>\n            <\/div>\n          <\/div>\n          <div class=\"h-column h-column-container d-flex h-col-lg-3 h-col-md-6 h-col-12 style-463-outer style-local-17-c14-outer\">\n            <div data-colibri-id=\"17-c14\" class=\"d-flex h-flex-basis h-column__inner h-px-lg-0 h-px-md-0 h-px-0 v-inner-lg-0 v-inner-md-0 v-inner-0 style-463 style-local-17-c14 position-relative\">\n              <!---->\n              <!---->\n              <div class=\"w-100 h-y-container h-column__content h-column__v-align flex-basis-100 align-self-lg-start align-self-md-start align-self-start\">\n                <!---->\n                <div data-colibri-id=\"17-c16\" class=\"h-global-transition-all h-heading style-465 style-local-17-c16 position-relative h-element\">\n                  <!---->\n                  <div class=\"h-heading__outer style-465 style-local-17-c16\">\n                    <!---->\n                    <!---->\n                    <h4 class=\"\">Stian S\u00e6ther-Larsen<\/h4>\n                  <\/div>\n                <\/div>\n                <div data-colibri-id=\"17-c17\" class=\"h-text h-text-component style-466 style-local-17-c17 position-relative h-element\">\n                  <!---->\n                  <!---->\n                  <div class=\"\">\n                    <p>Partner<\/p>\n                  <\/div>\n                <\/div>\n              <\/div>\n            <\/div>\n          <\/div>\n        <\/div>\n      <\/div>\n    <\/div>\n  <\/div>\n<\/div>","protected":false},"excerpt":{"rendered":"<p>3D Hospital Wayfinder and Management System Prosjektet \u201c3D Hospital Wayfinder and Management System\u201d har blitt st\u00f8ttet av Estland-Norge fellesprogram Norway Grants \u201cGreen ICT program\u201d. Prosjektets tidslinje er august 2020 til juli 2023. Prosjektets fokus er \u00e5 utvikle nettbasert programvaretjeneste for helsetjenester (f.eks. sykehus) anleggets plantegningsvisualisering i 3D med universell API for \u00e5 samle inn forskjellige [&hellip;]<\/p>\n","protected":false},"author":4,"featured_media":0,"parent":0,"menu_order":0,"comment_status":"closed","ping_status":"closed","template":"page-templates\/full-width-page.php","meta":{"advgb_blocks_editor_width":"","advgb_blocks_columns_visual_guide":"","_coblocks_attr":"","_coblocks_dimensions":"","_coblocks_responsive_height":"","_coblocks_accordion_ie_support":"","_themeisle_gutenberg_block_has_review":false,"footnotes":""},"class_list":["post-17","page","type-page","status-publish","hentry"],"yoast_head":"<!-- This site is optimized with the Yoast SEO plugin v27.3 - https:\/\/yoast.com\/product\/yoast-seo-wordpress\/ -->\n<title>om oss - Hospital Wayfinder NO<\/title>\n<meta name=\"robots\" content=\"index, follow, max-snippet:-1, max-image-preview:large, max-video-preview:-1\" \/>\n<link rel=\"canonical\" href=\"https:\/\/hospitalwayfinder.com\/no\/om-oss\/\" \/>\n<meta property=\"og:locale\" content=\"nb_NO\" \/>\n<meta property=\"og:type\" content=\"article\" \/>\n<meta property=\"og:title\" content=\"om oss - Hospital Wayfinder NO\" \/>\n<meta property=\"og:description\" content=\"3D Hospital Wayfinder and Management System Prosjektet \u201c3D Hospital Wayfinder and Management System\u201d har blitt st\u00f8ttet av Estland-Norge fellesprogram Norway Grants \u201cGreen ICT program\u201d. Prosjektets tidslinje er august 2020 til juli 2023. Prosjektets fokus er \u00e5 utvikle nettbasert programvaretjeneste for helsetjenester (f.eks. sykehus) anleggets plantegningsvisualisering i 3D med universell API for \u00e5 samle inn forskjellige [&hellip;]\" \/>\n<meta property=\"og:url\" content=\"https:\/\/hospitalwayfinder.com\/no\/om-oss\/\" \/>\n<meta property=\"og:site_name\" content=\"Hospital Wayfinder NO\" \/>\n<meta property=\"article:modified_time\" content=\"2024-01-05T08:51:51+00:00\" \/>\n<meta name=\"twitter:card\" content=\"summary_large_image\" \/>\n<script type=\"application\/ld+json\" class=\"yoast-schema-graph\">{\"@context\":\"https:\\\/\\\/schema.org\",\"@graph\":[{\"@type\":\"WebPage\",\"@id\":\"https:\\\/\\\/hospitalwayfinder.com\\\/no\\\/om-oss\\\/\",\"url\":\"https:\\\/\\\/hospitalwayfinder.com\\\/no\\\/om-oss\\\/\",\"name\":\"om oss - Hospital Wayfinder NO\",\"isPartOf\":{\"@id\":\"https:\\\/\\\/hospitalwayfinder.com\\\/no\\\/#website\"},\"datePublished\":\"2023-01-03T08:22:38+00:00\",\"dateModified\":\"2024-01-05T08:51:51+00:00\",\"breadcrumb\":{\"@id\":\"https:\\\/\\\/hospitalwayfinder.com\\\/no\\\/om-oss\\\/#breadcrumb\"},\"inLanguage\":\"nb-NO\",\"potentialAction\":[{\"@type\":\"ReadAction\",\"target\":[\"https:\\\/\\\/hospitalwayfinder.com\\\/no\\\/om-oss\\\/\"]}]},{\"@type\":\"BreadcrumbList\",\"@id\":\"https:\\\/\\\/hospitalwayfinder.com\\\/no\\\/om-oss\\\/#breadcrumb\",\"itemListElement\":[{\"@type\":\"ListItem\",\"position\":1,\"name\":\"Home\",\"item\":\"https:\\\/\\\/hospitalwayfinder.com\\\/no\\\/\"},{\"@type\":\"ListItem\",\"position\":2,\"name\":\"om oss\"}]},{\"@type\":\"WebSite\",\"@id\":\"https:\\\/\\\/hospitalwayfinder.com\\\/no\\\/#website\",\"url\":\"https:\\\/\\\/hospitalwayfinder.com\\\/no\\\/\",\"name\":\"Hospital Wayfinder NO\",\"description\":\"IT-l\u00f8sningen p\u00e5 neste niv\u00e5 i helsevesenet\",\"publisher\":{\"@id\":\"https:\\\/\\\/hospitalwayfinder.com\\\/no\\\/#organization\"},\"potentialAction\":[{\"@type\":\"SearchAction\",\"target\":{\"@type\":\"EntryPoint\",\"urlTemplate\":\"https:\\\/\\\/hospitalwayfinder.com\\\/no\\\/?s={search_term_string}\"},\"query-input\":{\"@type\":\"PropertyValueSpecification\",\"valueRequired\":true,\"valueName\":\"search_term_string\"}}],\"inLanguage\":\"nb-NO\"},{\"@type\":\"Organization\",\"@id\":\"https:\\\/\\\/hospitalwayfinder.com\\\/no\\\/#organization\",\"name\":\"Hospital Wayfinder NO\",\"url\":\"https:\\\/\\\/hospitalwayfinder.com\\\/no\\\/\",\"logo\":{\"@type\":\"ImageObject\",\"inLanguage\":\"nb-NO\",\"@id\":\"https:\\\/\\\/hospitalwayfinder.com\\\/no\\\/#\\\/schema\\\/logo\\\/image\\\/\",\"url\":\"https:\\\/\\\/hospitalwayfinder.com\\\/no\\\/wp-content\\\/uploads\\\/sites\\\/3\\\/2023\\\/01\\\/cropped-LOGO_Hospital_Wayfinder.png\",\"contentUrl\":\"https:\\\/\\\/hospitalwayfinder.com\\\/no\\\/wp-content\\\/uploads\\\/sites\\\/3\\\/2023\\\/01\\\/cropped-LOGO_Hospital_Wayfinder.png\",\"width\":242,\"height\":291,\"caption\":\"Hospital Wayfinder NO\"},\"image\":{\"@id\":\"https:\\\/\\\/hospitalwayfinder.com\\\/no\\\/#\\\/schema\\\/logo\\\/image\\\/\"}}]}<\/script>\n<!-- \/ Yoast SEO plugin. -->","yoast_head_json":{"title":"om oss - Hospital Wayfinder NO","robots":{"index":"index","follow":"follow","max-snippet":"max-snippet:-1","max-image-preview":"max-image-preview:large","max-video-preview":"max-video-preview:-1"},"canonical":"https:\/\/hospitalwayfinder.com\/no\/om-oss\/","og_locale":"nb_NO","og_type":"article","og_title":"om oss - Hospital Wayfinder NO","og_description":"3D Hospital Wayfinder and Management System Prosjektet \u201c3D Hospital Wayfinder and Management System\u201d har blitt st\u00f8ttet av Estland-Norge fellesprogram Norway Grants \u201cGreen ICT program\u201d. Prosjektets tidslinje er august 2020 til juli 2023. Prosjektets fokus er \u00e5 utvikle nettbasert programvaretjeneste for helsetjenester (f.eks. sykehus) anleggets plantegningsvisualisering i 3D med universell API for \u00e5 samle inn forskjellige [&hellip;]","og_url":"https:\/\/hospitalwayfinder.com\/no\/om-oss\/","og_site_name":"Hospital Wayfinder NO","article_modified_time":"2024-01-05T08:51:51+00:00","twitter_card":"summary_large_image","schema":{"@context":"https:\/\/schema.org","@graph":[{"@type":"WebPage","@id":"https:\/\/hospitalwayfinder.com\/no\/om-oss\/","url":"https:\/\/hospitalwayfinder.com\/no\/om-oss\/","name":"om oss - Hospital Wayfinder NO","isPartOf":{"@id":"https:\/\/hospitalwayfinder.com\/no\/#website"},"datePublished":"2023-01-03T08:22:38+00:00","dateModified":"2024-01-05T08:51:51+00:00","breadcrumb":{"@id":"https:\/\/hospitalwayfinder.com\/no\/om-oss\/#breadcrumb"},"inLanguage":"nb-NO","potentialAction":[{"@type":"ReadAction","target":["https:\/\/hospitalwayfinder.com\/no\/om-oss\/"]}]},{"@type":"BreadcrumbList","@id":"https:\/\/hospitalwayfinder.com\/no\/om-oss\/#breadcrumb","itemListElement":[{"@type":"ListItem","position":1,"name":"Home","item":"https:\/\/hospitalwayfinder.com\/no\/"},{"@type":"ListItem","position":2,"name":"om oss"}]},{"@type":"WebSite","@id":"https:\/\/hospitalwayfinder.com\/no\/#website","url":"https:\/\/hospitalwayfinder.com\/no\/","name":"Hospital Wayfinder NO","description":"IT-l\u00f8sningen p\u00e5 neste niv\u00e5 i helsevesenet","publisher":{"@id":"https:\/\/hospitalwayfinder.com\/no\/#organization"},"potentialAction":[{"@type":"SearchAction","target":{"@type":"EntryPoint","urlTemplate":"https:\/\/hospitalwayfinder.com\/no\/?s={search_term_string}"},"query-input":{"@type":"PropertyValueSpecification","valueRequired":true,"valueName":"search_term_string"}}],"inLanguage":"nb-NO"},{"@type":"Organization","@id":"https:\/\/hospitalwayfinder.com\/no\/#organization","name":"Hospital Wayfinder NO","url":"https:\/\/hospitalwayfinder.com\/no\/","logo":{"@type":"ImageObject","inLanguage":"nb-NO","@id":"https:\/\/hospitalwayfinder.com\/no\/#\/schema\/logo\/image\/","url":"https:\/\/hospitalwayfinder.com\/no\/wp-content\/uploads\/sites\/3\/2023\/01\/cropped-LOGO_Hospital_Wayfinder.png","contentUrl":"https:\/\/hospitalwayfinder.com\/no\/wp-content\/uploads\/sites\/3\/2023\/01\/cropped-LOGO_Hospital_Wayfinder.png","width":242,"height":291,"caption":"Hospital Wayfinder NO"},"image":{"@id":"https:\/\/hospitalwayfinder.com\/no\/#\/schema\/logo\/image\/"}}]}},"coauthors":[],"author_meta":{"author_link":"https:\/\/hospitalwayfinder.com\/no\/author\/kairi\/","display_name":"kairi"},"relative_dates":{"created":"Publisert 3 \u00e5r siden","modified":"Oppdatert 2 \u00e5r siden"},"absolute_dates":{"created":"Publisert 3. jan 2023","modified":"Oppdatert 5. jan 2024"},"absolute_dates_time":{"created":"Publisert 3. jan 2023 08:22","modified":"Oppdatert 5. jan 2024 08:51"},"featured_img_caption":"","featured_img":false,"series_order":"","_links":{"self":[{"href":"https:\/\/hospitalwayfinder.com\/no\/wp-json\/wp\/v2\/pages\/17","targetHints":{"allow":["GET"]}}],"collection":[{"href":"https:\/\/hospitalwayfinder.com\/no\/wp-json\/wp\/v2\/pages"}],"about":[{"href":"https:\/\/hospitalwayfinder.com\/no\/wp-json\/wp\/v2\/types\/page"}],"author":[{"embeddable":true,"href":"https:\/\/hospitalwayfinder.com\/no\/wp-json\/wp\/v2\/users\/4"}],"replies":[{"embeddable":true,"href":"https:\/\/hospitalwayfinder.com\/no\/wp-json\/wp\/v2\/comments?post=17"}],"version-history":[{"count":3,"href":"https:\/\/hospitalwayfinder.com\/no\/wp-json\/wp\/v2\/pages\/17\/revisions"}],"predecessor-version":[{"id":218,"href":"https:\/\/hospitalwayfinder.com\/no\/wp-json\/wp\/v2\/pages\/17\/revisions\/218"}],"wp:attachment":[{"href":"https:\/\/hospitalwayfinder.com\/no\/wp-json\/wp\/v2\/media?parent=17"}],"curies":[{"name":"wp","href":"https:\/\/api.w.org\/{rel}","templated":true}]}}