{"id":11,"date":"2023-01-03T08:21:16","date_gmt":"2023-01-03T08:21:16","guid":{"rendered":"https:\/\/hospitalwayfinder.com\/no\/?page_id=11"},"modified":"2023-01-03T08:21:16","modified_gmt":"2023-01-03T08:21:16","slug":"nyheter","status":"publish","type":"page","link":"https:\/\/hospitalwayfinder.com\/no\/nyheter\/","title":{"rendered":"nyheter"},"content":{"rendered":"","protected":false},"excerpt":{"rendered":"","protected":false},"author":4,"featured_media":0,"parent":0,"menu_order":0,"comment_status":"closed","ping_status":"closed","template":"","meta":{"advgb_blocks_editor_width":"","advgb_blocks_columns_visual_guide":"","_coblocks_attr":"","_coblocks_dimensions":"","_coblocks_responsive_height":"","_coblocks_accordion_ie_support":"","_themeisle_gutenberg_block_has_review":false,"footnotes":""},"class_list":["post-11","page","type-page","status-publish","hentry"],"yoast_head":"<!-- This site is optimized with the Yoast SEO plugin v27.5 - https:\/\/yoast.com\/product\/yoast-seo-wordpress\/ -->\n<title>nyheter - Hospital Wayfinder NO<\/title>\n<meta name=\"robots\" content=\"index, follow, max-snippet:-1, max-image-preview:large, max-video-preview:-1\" \/>\n<link rel=\"canonical\" href=\"https:\/\/hospitalwayfinder.com\/no\/nyheter\/\" \/>\n<meta property=\"og:locale\" content=\"nb_NO\" \/>\n<meta property=\"og:type\" content=\"article\" \/>\n<meta property=\"og:title\" content=\"nyheter - Hospital Wayfinder NO\" \/>\n<meta property=\"og:url\" content=\"https:\/\/hospitalwayfinder.com\/no\/nyheter\/\" \/>\n<meta property=\"og:site_name\" content=\"Hospital Wayfinder NO\" \/>\n<meta name=\"twitter:card\" content=\"summary_large_image\" \/>\n<script type=\"application\/ld+json\" class=\"yoast-schema-graph\">{\"@context\":\"https:\\\/\\\/schema.org\",\"@graph\":[{\"@type\":\"WebPage\",\"@id\":\"https:\\\/\\\/hospitalwayfinder.com\\\/no\\\/nyheter\\\/\",\"url\":\"https:\\\/\\\/hospitalwayfinder.com\\\/no\\\/nyheter\\\/\",\"name\":\"nyheter - Hospital Wayfinder NO\",\"isPartOf\":{\"@id\":\"https:\\\/\\\/hospitalwayfinder.com\\\/no\\\/#website\"},\"datePublished\":\"2023-01-03T08:21:16+00:00\",\"breadcrumb\":{\"@id\":\"https:\\\/\\\/hospitalwayfinder.com\\\/no\\\/nyheter\\\/#breadcrumb\"},\"inLanguage\":\"nb-NO\",\"potentialAction\":[{\"@type\":\"ReadAction\",\"target\":[\"https:\\\/\\\/hospitalwayfinder.com\\\/no\\\/nyheter\\\/\"]}]},{\"@type\":\"BreadcrumbList\",\"@id\":\"https:\\\/\\\/hospitalwayfinder.com\\\/no\\\/nyheter\\\/#breadcrumb\",\"itemListElement\":[{\"@type\":\"ListItem\",\"position\":1,\"name\":\"Home\",\"item\":\"https:\\\/\\\/hospitalwayfinder.com\\\/no\\\/\"},{\"@type\":\"ListItem\",\"position\":2,\"name\":\"nyheter\"}]},{\"@type\":\"WebSite\",\"@id\":\"https:\\\/\\\/hospitalwayfinder.com\\\/no\\\/#website\",\"url\":\"https:\\\/\\\/hospitalwayfinder.com\\\/no\\\/\",\"name\":\"Hospital Wayfinder NO\",\"description\":\"IT-l\u00f8sningen p\u00e5 neste niv\u00e5 i helsevesenet\",\"publisher\":{\"@id\":\"https:\\\/\\\/hospitalwayfinder.com\\\/no\\\/#organization\"},\"potentialAction\":[{\"@type\":\"SearchAction\",\"target\":{\"@type\":\"EntryPoint\",\"urlTemplate\":\"https:\\\/\\\/hospitalwayfinder.com\\\/no\\\/?s={search_term_string}\"},\"query-input\":{\"@type\":\"PropertyValueSpecification\",\"valueRequired\":true,\"valueName\":\"search_term_string\"}}],\"inLanguage\":\"nb-NO\"},{\"@type\":\"Organization\",\"@id\":\"https:\\\/\\\/hospitalwayfinder.com\\\/no\\\/#organization\",\"name\":\"Hospital Wayfinder NO\",\"url\":\"https:\\\/\\\/hospitalwayfinder.com\\\/no\\\/\",\"logo\":{\"@type\":\"ImageObject\",\"inLanguage\":\"nb-NO\",\"@id\":\"https:\\\/\\\/hospitalwayfinder.com\\\/no\\\/#\\\/schema\\\/logo\\\/image\\\/\",\"url\":\"https:\\\/\\\/hospitalwayfinder.com\\\/no\\\/wp-content\\\/uploads\\\/sites\\\/3\\\/2023\\\/01\\\/cropped-LOGO_Hospital_Wayfinder.png\",\"contentUrl\":\"https:\\\/\\\/hospitalwayfinder.com\\\/no\\\/wp-content\\\/uploads\\\/sites\\\/3\\\/2023\\\/01\\\/cropped-LOGO_Hospital_Wayfinder.png\",\"width\":242,\"height\":291,\"caption\":\"Hospital Wayfinder NO\"},\"image\":{\"@id\":\"https:\\\/\\\/hospitalwayfinder.com\\\/no\\\/#\\\/schema\\\/logo\\\/image\\\/\"}}]}<\/script>\n<!-- \/ Yoast SEO plugin. -->","yoast_head_json":{"title":"nyheter - Hospital Wayfinder NO","robots":{"index":"index","follow":"follow","max-snippet":"max-snippet:-1","max-image-preview":"max-image-preview:large","max-video-preview":"max-video-preview:-1"},"canonical":"https:\/\/hospitalwayfinder.com\/no\/nyheter\/","og_locale":"nb_NO","og_type":"article","og_title":"nyheter - Hospital Wayfinder NO","og_url":"https:\/\/hospitalwayfinder.com\/no\/nyheter\/","og_site_name":"Hospital Wayfinder NO","twitter_card":"summary_large_image","schema":{"@context":"https:\/\/schema.org","@graph":[{"@type":"WebPage","@id":"https:\/\/hospitalwayfinder.com\/no\/nyheter\/","url":"https:\/\/hospitalwayfinder.com\/no\/nyheter\/","name":"nyheter - Hospital Wayfinder NO","isPartOf":{"@id":"https:\/\/hospitalwayfinder.com\/no\/#website"},"datePublished":"2023-01-03T08:21:16+00:00","breadcrumb":{"@id":"https:\/\/hospitalwayfinder.com\/no\/nyheter\/#breadcrumb"},"inLanguage":"nb-NO","potentialAction":[{"@type":"ReadAction","target":["https:\/\/hospitalwayfinder.com\/no\/nyheter\/"]}]},{"@type":"BreadcrumbList","@id":"https:\/\/hospitalwayfinder.com\/no\/nyheter\/#breadcrumb","itemListElement":[{"@type":"ListItem","position":1,"name":"Home","item":"https:\/\/hospitalwayfinder.com\/no\/"},{"@type":"ListItem","position":2,"name":"nyheter"}]},{"@type":"WebSite","@id":"https:\/\/hospitalwayfinder.com\/no\/#website","url":"https:\/\/hospitalwayfinder.com\/no\/","name":"Hospital Wayfinder NO","description":"IT-l\u00f8sningen p\u00e5 neste niv\u00e5 i helsevesenet","publisher":{"@id":"https:\/\/hospitalwayfinder.com\/no\/#organization"},"potentialAction":[{"@type":"SearchAction","target":{"@type":"EntryPoint","urlTemplate":"https:\/\/hospitalwayfinder.com\/no\/?s={search_term_string}"},"query-input":{"@type":"PropertyValueSpecification","valueRequired":true,"valueName":"search_term_string"}}],"inLanguage":"nb-NO"},{"@type":"Organization","@id":"https:\/\/hospitalwayfinder.com\/no\/#organization","name":"Hospital Wayfinder NO","url":"https:\/\/hospitalwayfinder.com\/no\/","logo":{"@type":"ImageObject","inLanguage":"nb-NO","@id":"https:\/\/hospitalwayfinder.com\/no\/#\/schema\/logo\/image\/","url":"https:\/\/hospitalwayfinder.com\/no\/wp-content\/uploads\/sites\/3\/2023\/01\/cropped-LOGO_Hospital_Wayfinder.png","contentUrl":"https:\/\/hospitalwayfinder.com\/no\/wp-content\/uploads\/sites\/3\/2023\/01\/cropped-LOGO_Hospital_Wayfinder.png","width":242,"height":291,"caption":"Hospital Wayfinder NO"},"image":{"@id":"https:\/\/hospitalwayfinder.com\/no\/#\/schema\/logo\/image\/"}}]}},"coauthors":[],"author_meta":{"author_link":"https:\/\/hospitalwayfinder.com\/no\/author\/kairi\/","display_name":"kairi"},"relative_dates":{"created":"Publisert 3 \u00e5r siden","modified":"Oppdatert 3 \u00e5r siden"},"absolute_dates":{"created":"Publisert 3. jan 2023","modified":"Oppdatert 3. jan 2023"},"absolute_dates_time":{"created":"Publisert 3. jan 2023 08:21","modified":"Oppdatert 3. jan 2023 08:21"},"featured_img_caption":"","featured_img":false,"series_order":"","_links":{"self":[{"href":"https:\/\/hospitalwayfinder.com\/no\/wp-json\/wp\/v2\/pages\/11","targetHints":{"allow":["GET"]}}],"collection":[{"href":"https:\/\/hospitalwayfinder.com\/no\/wp-json\/wp\/v2\/pages"}],"about":[{"href":"https:\/\/hospitalwayfinder.com\/no\/wp-json\/wp\/v2\/types\/page"}],"author":[{"embeddable":true,"href":"https:\/\/hospitalwayfinder.com\/no\/wp-json\/wp\/v2\/users\/4"}],"replies":[{"embeddable":true,"href":"https:\/\/hospitalwayfinder.com\/no\/wp-json\/wp\/v2\/comments?post=11"}],"version-history":[{"count":1,"href":"https:\/\/hospitalwayfinder.com\/no\/wp-json\/wp\/v2\/pages\/11\/revisions"}],"predecessor-version":[{"id":12,"href":"https:\/\/hospitalwayfinder.com\/no\/wp-json\/wp\/v2\/pages\/11\/revisions\/12"}],"wp:attachment":[{"href":"https:\/\/hospitalwayfinder.com\/no\/wp-json\/wp\/v2\/media?parent=11"}],"curies":[{"name":"wp","href":"https:\/\/api.w.org\/{rel}","templated":true}]}}